{"id":3,"date":"2022-06-10T14:24:50","date_gmt":"2022-06-10T14:24:50","guid":{"rendered":"http:\/\/laquariustrouville.com\/?page_id=3"},"modified":"2022-06-14T15:49:27","modified_gmt":"2022-06-14T13:49:27","slug":"mentions-legales","status":"publish","type":"page","link":"https:\/\/laquariustrouville.com\/en\/mentions-legales","title":{"rendered":"Legal Notice"},"content":{"rendered":"<div data-elementor-type=\"wp-page\" data-elementor-id=\"3\" class=\"elementor elementor-3\">\n\t\t\t\t\t\t\t\t\t<section class=\"elementor-section elementor-top-section elementor-element elementor-element-2ca9410 elementor-section-boxed elementor-section-height-default elementor-section-height-default\" data-id=\"2ca9410\" data-element_type=\"section\" data-settings=\"{&quot;background_background&quot;:&quot;classic&quot;}\">\n\t\t\t\t\t\t\t<div class=\"elementor-background-overlay\"><\/div>\n\t\t\t\t\t\t\t<div class=\"elementor-container elementor-column-gap-default\">\n\t\t\t\t\t<div class=\"elementor-column elementor-col-100 elementor-top-column elementor-element elementor-element-7ecc089\" data-id=\"7ecc089\" data-element_type=\"column\">\n\t\t\t<div class=\"elementor-widget-wrap elementor-element-populated\">\n\t\t\t\t\t\t\t\t<div class=\"elementor-element elementor-element-1522d48 elementor-widget__width-auto elementor-widget elementor-widget-heading\" data-id=\"1522d48\" data-element_type=\"widget\" data-widget_type=\"heading.default\">\n\t\t\t\t<div class=\"elementor-widget-container\">\n\t\t\t<style>\/*! elementor - v3.6.7 - 03-07-2022 *\/\n.elementor-heading-title{padding:0;margin:0;line-height:1}.elementor-widget-heading .elementor-heading-title[class*=elementor-size-]>a{color:inherit;font-size:inherit;line-height:inherit}.elementor-widget-heading .elementor-heading-title.elementor-size-small{font-size:15px}.elementor-widget-heading .elementor-heading-title.elementor-size-medium{font-size:19px}.elementor-widget-heading .elementor-heading-title.elementor-size-large{font-size:29px}.elementor-widget-heading .elementor-heading-title.elementor-size-xl{font-size:39px}.elementor-widget-heading .elementor-heading-title.elementor-size-xxl{font-size:59px}<\/style><h2 class=\"elementor-heading-title elementor-size-default\">O<\/h2>\t\t<\/div>\n\t\t\t\t<\/div>\n\t\t\t\t<div class=\"elementor-element elementor-element-3a5a0aa elementor-widget__width-auto elementor-widget elementor-widget-heading\" data-id=\"3a5a0aa\" data-element_type=\"widget\" data-widget_type=\"heading.default\">\n\t\t\t\t<div class=\"elementor-widget-container\">\n\t\t\t<h2 class=\"elementor-heading-title elementor-size-default\">Legal Notice<\/h2>\t\t<\/div>\n\t\t\t\t<\/div>\n\t\t\t\t<div class=\"elementor-element elementor-element-12ce787 elementor-widget__width-auto elementor-widget elementor-widget-heading\" data-id=\"12ce787\" data-element_type=\"widget\" data-widget_type=\"heading.default\">\n\t\t\t\t<div class=\"elementor-widget-container\">\n\t\t\t<h2 class=\"elementor-heading-title elementor-size-default\">O<\/h2>\t\t<\/div>\n\t\t\t\t<\/div>\n\t\t\t\t\t<\/div>\n\t\t<\/div>\n\t\t\t\t\t\t\t<\/div>\n\t\t<\/section>\n\t\t\t\t<section class=\"elementor-section elementor-top-section elementor-element elementor-element-53fe944 elementor-section-boxed elementor-section-height-default elementor-section-height-default\" data-id=\"53fe944\" data-element_type=\"section\">\n\t\t\t\t\t\t<div class=\"elementor-container elementor-column-gap-default\">\n\t\t\t\t\t<div class=\"elementor-column elementor-col-100 elementor-top-column elementor-element elementor-element-062abfb\" data-id=\"062abfb\" data-element_type=\"column\">\n\t\t\t<div class=\"elementor-widget-wrap elementor-element-populated\">\n\t\t\t\t\t\t\t\t<div class=\"elementor-element elementor-element-77a2d02 elementor-widget elementor-widget-text-editor\" data-id=\"77a2d02\" data-element_type=\"widget\" data-widget_type=\"text-editor.default\">\n\t\t\t\t<div class=\"elementor-widget-container\">\n\t\t\t<style>\/*! elementor - v3.6.7 - 03-07-2022 *\/\n.elementor-widget-text-editor.elementor-drop-cap-view-stacked .elementor-drop-cap{background-color:#818a91;color:#fff}.elementor-widget-text-editor.elementor-drop-cap-view-framed .elementor-drop-cap{color:#818a91;border:3px solid;background-color:transparent}.elementor-widget-text-editor:not(.elementor-drop-cap-view-default) .elementor-drop-cap{margin-top:8px}.elementor-widget-text-editor:not(.elementor-drop-cap-view-default) .elementor-drop-cap-letter{width:1em;height:1em}.elementor-widget-text-editor .elementor-drop-cap{float:left;text-align:center;line-height:1;font-size:50px}.elementor-widget-text-editor .elementor-drop-cap-letter{display:inline-block}<\/style>\t\t\t\t<p>In accordance with the provisions of Articles 6-III and 19 of Law No. 2004-575 of June 21, 2004 on Confidence in the Digital Economy, known as LCEN, we bring to the attention of users and visitors to the site:\u00a0<span style=\"color: #000000;\"><a style=\"color: #000000;\" href=\"https:\/\/laquariustrouville.com\/en\/\" target=\"_blank\" rel=\"noopener noreferrer\">https:\/\/laquariustrouville.com\/<\/a><\/span>\u00a0the following information :<\/p>\n<p>\u00a0<\/p>\n<p><b>EDITOR<\/b><\/p>\n<p>The website\u00a0<span style=\"color: #000000;\"><a style=\"color: #000000;\" href=\"https:\/\/laquariustrouville.com\/en\/\">https:\/\/laquariustrouville.com\/<\/a><\/span>\u00a0is the exclusive property of\u00a0<b>SAS\u00a0<\/b><b>B&amp;D Solutions<\/b>, who publishes it.<\/p>\n<p><b>B&amp;D Solutions<\/b><b>\u00a0<\/b><\/p>\n<p><b>SAS\u00a0<\/b>to the capital of<b>\u00a0<\/b><b>500<\/b>\u20ac \u2013 Tel:\u00a0<b>0687525788<\/b><\/p>\n<p><b>38 Trebois Street, <\/b><b>92300 LEVALLOIS-PERRET<\/b><br \/>Registered in the Trade and Companies Register of\u00a0\u00a0<b>Nanterre\u00a0<\/b>under the number<b>\u00a0<\/b><b>852880038<\/b><b>\u00a0<\/b><\/p>\n<p>VAT number :\u00a0<b>FR25852880038<\/b><br \/>Email address :\u00a0<b>legal@bnd-solutions.com<\/b><\/p>\n<p>Publication Director : <strong>Franck SANNIER<\/strong><br \/>Contact the publication manager: <strong><span style=\"color: #000000;\">sannier-franck@orange.fr<\/span><\/strong><\/p>\n<p>\u00a0<\/p>\n<p><b>ACCOMMODATION<\/b><\/p>\n<p>The site is hosted by\u00a0<b>1&amp;1 IONOS at 7 place de la Gare, 57200 Sarreguemines<\/b><\/p>\t\t\t\t\t\t<\/div>\n\t\t\t\t<\/div>\n\t\t\t\t\t<\/div>\n\t\t<\/div>\n\t\t\t\t\t\t\t<\/div>\n\t\t<\/section>\n\t\t\t\t\t\t\t<\/div>","protected":false},"excerpt":{"rendered":"<p>O Legal notices O In accordance with the provisions of Articles 6-III and 19 of Law No. 2004-575 of June 21, 2004 on Confidence in the digital economy, known as LCEN, we bring to the attention of users and visitors to the site: https:\/\/laquariustrouville.com\/ the following information: PUBLISHER The https:\/\/laquariustrouville.com\/ site is the exclusive property of SAS B&amp;D Solutions, which publishes it. [\u2026]<\/p>","protected":false},"author":1,"featured_media":0,"parent":0,"menu_order":0,"comment_status":"closed","ping_status":"closed","template":"elementor_header_footer","meta":[],"yoast_head":"<!-- This site is optimized with the Yoast SEO plugin v19.2 - https:\/\/yoast.com\/wordpress\/plugins\/seo\/ -->\n<title>L&#039;Aquarius - Mentions l\u00e9gales<\/title>\n<meta name=\"robots\" content=\"index, follow, max-snippet:-1, max-image-preview:large, max-video-preview:-1\" \/>\n<link rel=\"canonical\" href=\"https:\/\/laquariustrouville.com\/en\/mentions-legales\/\" \/>\n<meta property=\"og:locale\" content=\"en_US\" \/>\n<meta property=\"og:type\" content=\"article\" \/>\n<meta property=\"og:title\" content=\"L&#039;Aquarius - Mentions l\u00e9gales\" \/>\n<meta property=\"og:description\" content=\"O Mentions l\u00e9gales O Conform\u00e9ment aux dispositions des articles 6-III et 19 de la Loi n\u00b0 2004-575 du 21 juin 2004 pour la Confiance dans l\u2019\u00e9conomie num\u00e9rique, dite L.C.E.N., nous portons \u00e0 la connaissance des utilisateurs et visiteurs du site :\u00a0https:\/\/laquariustrouville.com\/\u00a0les informations suivantes : \u00a0 \u00c9DITEUR Le site\u00a0https:\/\/laquariustrouville.com\/\u00a0est la propri\u00e9t\u00e9 exclusive de\u00a0SAS\u00a0B&amp;D Solutions, qui l\u2019\u00e9dite. [&hellip;]\" \/>\n<meta property=\"og:url\" content=\"https:\/\/laquariustrouville.com\/en\/mentions-legales\/\" \/>\n<meta property=\"og:site_name\" content=\"L&#039;Aquarius\" \/>\n<meta property=\"article:modified_time\" content=\"2022-06-14T13:49:27+00:00\" \/>\n<meta name=\"author\" content=\"laquarius\" \/>\n<meta name=\"twitter:card\" content=\"summary_large_image\" \/>\n<meta name=\"twitter:label1\" content=\"Est. reading time\" \/>\n\t<meta name=\"twitter:data1\" content=\"1 minute\" \/>\n<script type=\"application\/ld+json\" class=\"yoast-schema-graph\">{\"@context\":\"https:\/\/schema.org\",\"@graph\":[{\"@type\":\"Organization\",\"@id\":\"https:\/\/laquariustrouville.com\/#organization\",\"name\":\"L'aquarius\",\"url\":\"https:\/\/laquariustrouville.com\/\",\"sameAs\":[],\"logo\":{\"@type\":\"ImageObject\",\"inLanguage\":\"en-US\",\"@id\":\"https:\/\/laquariustrouville.com\/#\/schema\/logo\/image\/\",\"url\":\"https:\/\/laquariustrouville.com\/wp-content\/uploads\/2022\/06\/278560441_4820833631369056_7377737693081916208_n-2-1.jpg\",\"contentUrl\":\"https:\/\/laquariustrouville.com\/wp-content\/uploads\/2022\/06\/278560441_4820833631369056_7377737693081916208_n-2-1.jpg\",\"width\":225,\"height\":198,\"caption\":\"L'aquarius\"},\"image\":{\"@id\":\"https:\/\/laquariustrouville.com\/#\/schema\/logo\/image\/\"}},{\"@type\":\"WebSite\",\"@id\":\"https:\/\/laquariustrouville.com\/#website\",\"url\":\"https:\/\/laquariustrouville.com\/\",\"name\":\"L&#039;Aquarius\",\"description\":\"Restaurant sur la page de Trouville\",\"publisher\":{\"@id\":\"https:\/\/laquariustrouville.com\/#organization\"},\"potentialAction\":[{\"@type\":\"SearchAction\",\"target\":{\"@type\":\"EntryPoint\",\"urlTemplate\":\"https:\/\/laquariustrouville.com\/?s={search_term_string}\"},\"query-input\":\"required name=search_term_string\"}],\"inLanguage\":\"en-US\"},{\"@type\":\"WebPage\",\"@id\":\"https:\/\/laquariustrouville.com\/mentions-legales#webpage\",\"url\":\"https:\/\/laquariustrouville.com\/mentions-legales\",\"name\":\"L&#039;Aquarius - Mentions l\u00e9gales\",\"isPartOf\":{\"@id\":\"https:\/\/laquariustrouville.com\/#website\"},\"datePublished\":\"2022-06-10T14:24:50+00:00\",\"dateModified\":\"2022-06-14T13:49:27+00:00\",\"breadcrumb\":{\"@id\":\"https:\/\/laquariustrouville.com\/mentions-legales#breadcrumb\"},\"inLanguage\":\"en-US\",\"potentialAction\":[{\"@type\":\"ReadAction\",\"target\":[\"https:\/\/laquariustrouville.com\/mentions-legales\"]}]},{\"@type\":\"BreadcrumbList\",\"@id\":\"https:\/\/laquariustrouville.com\/mentions-legales#breadcrumb\",\"itemListElement\":[{\"@type\":\"ListItem\",\"position\":1,\"name\":\"Accueil\",\"item\":\"https:\/\/laquariustrouville.com\/\"},{\"@type\":\"ListItem\",\"position\":2,\"name\":\"Mentions l\u00e9gales\"}]}]}<\/script>\n<!-- \/ Yoast SEO plugin. -->","yoast_head_json":{"title":"L&#039;Aquarius - Mentions l\u00e9gales","robots":{"index":"index","follow":"follow","max-snippet":"max-snippet:-1","max-image-preview":"max-image-preview:large","max-video-preview":"max-video-preview:-1"},"canonical":"https:\/\/laquariustrouville.com\/en\/mentions-legales\/","og_locale":"en_US","og_type":"article","og_title":"L&#039;Aquarius - Mentions l\u00e9gales","og_description":"O Mentions l\u00e9gales O Conform\u00e9ment aux dispositions des articles 6-III et 19 de la Loi n\u00b0 2004-575 du 21 juin 2004 pour la Confiance dans l\u2019\u00e9conomie num\u00e9rique, dite L.C.E.N., nous portons \u00e0 la connaissance des utilisateurs et visiteurs du site :\u00a0https:\/\/laquariustrouville.com\/\u00a0les informations suivantes : \u00a0 \u00c9DITEUR Le site\u00a0https:\/\/laquariustrouville.com\/\u00a0est la propri\u00e9t\u00e9 exclusive de\u00a0SAS\u00a0B&amp;D Solutions, qui l\u2019\u00e9dite. [&hellip;]","og_url":"https:\/\/laquariustrouville.com\/en\/mentions-legales\/","og_site_name":"L&#039;Aquarius","article_modified_time":"2022-06-14T13:49:27+00:00","author":"laquarius","twitter_card":"summary_large_image","twitter_misc":{"Est. reading time":"1 minute"},"schema":{"@context":"https:\/\/schema.org","@graph":[{"@type":"Organization","@id":"https:\/\/laquariustrouville.com\/#organization","name":"L'aquarius","url":"https:\/\/laquariustrouville.com\/","sameAs":[],"logo":{"@type":"ImageObject","inLanguage":"en-US","@id":"https:\/\/laquariustrouville.com\/#\/schema\/logo\/image\/","url":"https:\/\/laquariustrouville.com\/wp-content\/uploads\/2022\/06\/278560441_4820833631369056_7377737693081916208_n-2-1.jpg","contentUrl":"https:\/\/laquariustrouville.com\/wp-content\/uploads\/2022\/06\/278560441_4820833631369056_7377737693081916208_n-2-1.jpg","width":225,"height":198,"caption":"L'aquarius"},"image":{"@id":"https:\/\/laquariustrouville.com\/#\/schema\/logo\/image\/"}},{"@type":"WebSite","@id":"https:\/\/laquariustrouville.com\/#website","url":"https:\/\/laquariustrouville.com\/","name":"L&#039;Aquarius","description":"Restaurant sur la page de Trouville","publisher":{"@id":"https:\/\/laquariustrouville.com\/#organization"},"potentialAction":[{"@type":"SearchAction","target":{"@type":"EntryPoint","urlTemplate":"https:\/\/laquariustrouville.com\/?s={search_term_string}"},"query-input":"required name=search_term_string"}],"inLanguage":"en-US"},{"@type":"WebPage","@id":"https:\/\/laquariustrouville.com\/mentions-legales#webpage","url":"https:\/\/laquariustrouville.com\/mentions-legales","name":"L&#039;Aquarius - Mentions l\u00e9gales","isPartOf":{"@id":"https:\/\/laquariustrouville.com\/#website"},"datePublished":"2022-06-10T14:24:50+00:00","dateModified":"2022-06-14T13:49:27+00:00","breadcrumb":{"@id":"https:\/\/laquariustrouville.com\/mentions-legales#breadcrumb"},"inLanguage":"en-US","potentialAction":[{"@type":"ReadAction","target":["https:\/\/laquariustrouville.com\/mentions-legales"]}]},{"@type":"BreadcrumbList","@id":"https:\/\/laquariustrouville.com\/mentions-legales#breadcrumb","itemListElement":[{"@type":"ListItem","position":1,"name":"Accueil","item":"https:\/\/laquariustrouville.com\/"},{"@type":"ListItem","position":2,"name":"Mentions l\u00e9gales"}]}]}},"_links":{"self":[{"href":"https:\/\/laquariustrouville.com\/en\/wp-json\/wp\/v2\/pages\/3"}],"collection":[{"href":"https:\/\/laquariustrouville.com\/en\/wp-json\/wp\/v2\/pages"}],"about":[{"href":"https:\/\/laquariustrouville.com\/en\/wp-json\/wp\/v2\/types\/page"}],"author":[{"embeddable":true,"href":"https:\/\/laquariustrouville.com\/en\/wp-json\/wp\/v2\/users\/1"}],"replies":[{"embeddable":true,"href":"https:\/\/laquariustrouville.com\/en\/wp-json\/wp\/v2\/comments?post=3"}],"version-history":[{"count":19,"href":"https:\/\/laquariustrouville.com\/en\/wp-json\/wp\/v2\/pages\/3\/revisions"}],"predecessor-version":[{"id":657,"href":"https:\/\/laquariustrouville.com\/en\/wp-json\/wp\/v2\/pages\/3\/revisions\/657"}],"wp:attachment":[{"href":"https:\/\/laquariustrouville.com\/en\/wp-json\/wp\/v2\/media?parent=3"}],"curies":[{"name":"wp","href":"https:\/\/api.w.org\/{rel}","templated":true}]}}